{"id":6944,"date":"2018-10-27T17:10:32","date_gmt":"2018-10-27T17:10:32","guid":{"rendered":"https:\/\/rematechbremo.com\/contactez-nous\/"},"modified":"2022-12-14T20:46:18","modified_gmt":"2022-12-14T20:46:18","slug":"contactez-nous","status":"publish","type":"page","link":"https:\/\/www.rematechbremo.com\/en\/contactez-nous\/","title":{"rendered":"Contact Us"},"content":{"rendered":"<section class=\"l-section wpb_row us_custom_1616d945 height_auto width_full\"><div class=\"l-section-h i-cf\"><div class=\"g-cols vc_row via_flex valign_top type_default stacking_default\"><div class=\"vc_col-sm-12 wpb_column vc_column_container\"><div class=\"vc_column-inner\"><div class=\"wpb_wrapper\"><div class=\"w-map provider_google\" id=\"us_map_1\"><div class=\"w-map-inner\"><div class=\"w-map-json\" onclick='return {&quot;address&quot;:&quot;214, Route 138 St-Augustin-de-Desmaures, Qu\\u00e9bec, G3A 2X9&quot;,&quot;disableDragging&quot;:0,&quot;disableZoom&quot;:0,&quot;hideControls&quot;:0,&quot;zoom&quot;:14,&quot;markers&quot;:[{&quot;address&quot;:&quot;214, Route 138 St-Augustin-de-Desmaures, Qu\\u00e9bec, G3A 2X9&quot;,&quot;html&quot;:&quot;&lt;h6&gt;Montr\\u00e9al&lt;\\\/h6&gt;&quot;,&quot;infowindow&quot;:0}],&quot;maptype&quot;:&quot;ROADMAP&quot;}'><\/div><\/div><\/div><\/div><\/div><\/div><\/div><\/div><\/section><section class=\"l-section wpb_row height_small\"><div class=\"l-section-h i-cf\"><div class=\"g-cols vc_row via_flex valign_top type_default stacking_default\"><div class=\"vc_col-sm-12 wpb_column vc_column_container\"><div class=\"vc_column-inner\"><div class=\"wpb_wrapper\"><div class=\"wpb_text_column\"><div class=\"wpb_wrapper\"><h2 style=\"text-align: center;\">CONTACT US<\/h2>\n<\/div><\/div><\/div><\/div><\/div><\/div><\/div><\/section><section class=\"l-section wpb_row height_small\"><div class=\"l-section-h i-cf\"><div class=\"g-cols vc_row via_flex valign_top type_default stacking_default\"><div class=\"vc_col-sm-12 wpb_column vc_column_container\"><div class=\"vc_column-inner\"><div class=\"wpb_wrapper\"><div class=\"w-hwrapper us_custom_8d5aa4e2 valign_top align_left\"><span class=\"w-text us_custom_a71c337c\"><span class=\"w-text-h\"><span class=\"w-text-value\">Email :<\/span><\/span><\/span><span class=\"w-text us_custom_698f55d4\"><span class=\"w-text-h\"><span class=\"w-text-value\">client@rematechbremo.com<\/span><\/span><\/span><\/div><div class=\"w-hwrapper valign_top align_left\"><span class=\"w-text us_custom_a71c337c\"><span class=\"w-text-h\"><span class=\"w-text-value\">Toll-free number :<\/span><\/span><\/span><span class=\"w-text us_custom_698f55d4\"><span class=\"w-text-h\"><span class=\"w-text-value\">1-800-463-6131<\/span><\/span><\/span><\/div><div class=\"w-separator size_medium\"><\/div><div class=\"w-text us_custom_a71c337c\"><span class=\"w-text-h\"><span class=\"w-text-value\">M. Jean-Fran\u00e7ois Bouchard &#8211; jfbouchard@rematechbremo.com<\/span><\/span><\/div><div class=\"w-text\"><span class=\"w-text-h\"><span class=\"w-text-value\">Privacy Officer<\/span><\/span><\/div><\/div><\/div><\/div><\/div><\/div><\/section><section class=\"l-section wpb_row us_custom_278d8c57 height_auto\"><div class=\"l-section-h i-cf\"><div class=\"g-cols vc_row via_flex valign_top type_default stacking_default\"><div class=\"vc_col-sm-12 wpb_column vc_column_container\"><div class=\"vc_column-inner\"><div class=\"wpb_wrapper\"><div class=\"w-separator size_small with_line width_default thick_1 style_solid color_border align_center\"><div class=\"w-separator-h\"><\/div><\/div><\/div><\/div><\/div><\/div><\/div><\/section><section class=\"l-section wpb_row height_small\"><div class=\"l-section-h i-cf\"><div class=\"g-cols vc_row via_flex valign_top type_default stacking_default\"><div class=\"vc_col-sm-12 wpb_column vc_column_container\"><div class=\"vc_column-inner us_custom_8d5aa4e2\"><div class=\"wpb_wrapper\"><span class=\"w-text us_custom_39f49442\"><span class=\"w-text-h\"><span class=\"w-text-value\">Our branches<\/span><\/span><\/span><\/div><\/div><\/div><div class=\"vc_col-sm-4 wpb_column vc_column_container CenterInfos\"><div class=\"vc_column-inner\"><div class=\"wpb_wrapper\"><div class=\"wpb_text_column\"><div class=\"wpb_wrapper\"><p><span style=\"color: #d52b1e;\"><strong><span style=\"font-size: 22px;\">Qu\u00e9bec (Head Office)<\/span><\/strong><\/span><br \/>\n<strong>418-878-2288<\/strong><br \/>\n214, Route 138<br \/>\nSt-Augustin-de-Desmaures (QC)<br \/>\nG3A 2X9<\/p>\n<\/div><\/div><div class=\"wpb_text_column\"><div class=\"wpb_wrapper\"><p><span style=\"color: #d52b1e;\"><strong><span style=\"font-size: 22px;\">Qu\u00e9bec (Reception\/Shipping)<\/span><\/strong><\/span><br \/>\n<strong>418-878-2288<\/strong><br \/>\n35, rue de Rotterdam<br \/>\nSt-Augustin-de-Desmaures (QC)<br \/>\nG3A 1S8<\/p>\n<\/div><\/div><\/div><\/div><\/div><div class=\"vc_col-sm-4 wpb_column vc_column_container CenterInfos\"><div class=\"vc_column-inner\"><div class=\"wpb_wrapper\"><div class=\"wpb_text_column\"><div class=\"wpb_wrapper\"><p><span style=\"color: #d52b1e;\"><strong><span style=\"font-size: 22px;\">Amos<\/span><\/strong><\/span><br \/>\n<strong>819-727-2929<\/strong><br \/>\n152 rue des Fabricants<br \/>\nAmos (QC)<br \/>\nJ9T 3A2<\/p>\n<\/div><\/div><div class=\"wpb_text_column\"><div class=\"wpb_wrapper\"><p><span style=\"color: #d52b1e;\"><strong><span style=\"font-size: 22px;\">Montr\u00e9al<\/span><\/strong><\/span><br \/>\n<strong>514-648-1080<\/strong><br \/>\n11405, 6ieme Avenue<br \/>\nMontr\u00e9al (QC)<br \/>\nH1E 1R8<\/p>\n<\/div><\/div><div class=\"wpb_text_column\"><div class=\"wpb_wrapper\"><p><span style=\"color: #d52b1e;\"><strong><span style=\"font-size: 22px;\">Roberval<\/span><\/strong><\/span><br \/>\n<strong>418-543-8428<\/strong><br \/>\n585 route de l&#8217;a\u00e9roport<br \/>\nRoberval (QC)<br \/>\nG8H 2M9<\/p>\n<\/div><\/div><\/div><\/div><\/div><div class=\"vc_col-sm-4 wpb_column vc_column_container CenterInfos\"><div class=\"vc_column-inner\"><div class=\"wpb_wrapper\"><div class=\"wpb_text_column\"><div class=\"wpb_wrapper\"><p><span style=\"color: #d52b1e;\"><strong><span style=\"font-size: 22px;\">Saguenay<\/span><\/strong><\/span><br \/>\n<strong>418-543-8428<\/strong><br \/>\n2380 Rue de la M\u00e9tallurgie<br \/>\nJonqui\u00e8re (QC)<br \/>\nG7X 9H2<\/p>\n<\/div><\/div><div class=\"wpb_text_column\"><div class=\"wpb_wrapper\"><p><span style=\"color: #d52b1e;\"><strong><span style=\"font-size: 22px;\">Sept-\u00eeles<\/span><\/strong><\/span><br \/>\n<strong>418-962-3011<\/strong><br \/>\n1893, Rue Gagnon, C.P. 488<br \/>\nSept-\u00celes (QC)<br \/>\nG4R 4K7<\/p>\n<\/div><\/div><\/div><\/div><\/div><\/div><\/div><\/section><section class=\"l-section wpb_row us_custom_278d8c57 height_auto\"><div class=\"l-section-h i-cf\"><div class=\"g-cols vc_row via_flex valign_top type_default stacking_default\"><div class=\"vc_col-sm-12 wpb_column vc_column_container\"><div class=\"vc_column-inner\"><div class=\"wpb_wrapper\"><div class=\"w-separator size_small with_line width_default thick_1 style_solid color_border align_center\"><div class=\"w-separator-h\"><\/div><\/div><\/div><\/div><\/div><\/div><\/div><\/section><section class=\"l-section wpb_row height_small\"><div class=\"l-section-h i-cf\"><div class=\"g-cols vc_row via_flex valign_top type_default stacking_default\"><div class=\"vc_col-sm-12 wpb_column vc_column_container\"><div class=\"vc_column-inner\"><div class=\"wpb_wrapper\"><div class=\"w-text us_custom_cd5eb69c\"><span class=\"w-text-h\"><span class=\"w-text-value\">Request for information<\/span><\/span><\/div><div class=\"wpb_text_column\"><div class=\"wpb_wrapper\">\n<div class=\"wpcf7 no-js\" id=\"wpcf7-f6936-o1\" lang=\"en-US\" dir=\"ltr\" data-wpcf7-id=\"6936\">\n<div class=\"screen-reader-response\"><p role=\"status\" aria-live=\"polite\" aria-atomic=\"true\"><\/p> <ul><\/ul><\/div>\n<form action=\"\/en\/wp-json\/wp\/v2\/pages\/6944#wpcf7-f6936-o1\" method=\"post\" class=\"wpcf7-form init wpcf7-acceptance-as-validation\" aria-label=\"Contact form\" novalidate=\"novalidate\" data-status=\"init\">\n<fieldset class=\"hidden-fields-container\"><input type=\"hidden\" name=\"_wpcf7\" value=\"6936\" \/><input type=\"hidden\" name=\"_wpcf7_version\" value=\"6.1.5\" \/><input type=\"hidden\" name=\"_wpcf7_locale\" value=\"en_US\" \/><input type=\"hidden\" name=\"_wpcf7_unit_tag\" value=\"wpcf7-f6936-o1\" \/><input type=\"hidden\" name=\"_wpcf7_container_post\" value=\"0\" \/><input type=\"hidden\" name=\"_wpcf7_posted_data_hash\" value=\"\" \/><input type=\"hidden\" name=\"_wpcf7_recaptcha_response\" value=\"\" \/>\n<\/fieldset>\n<div class=\"ContactBox\">\n\t<div class=\"colLeft\">\n\t\t<p><label>Last name * <span class=\"wpcf7-form-control-wrap\" data-name=\"your-firstname\"><input size=\"40\" maxlength=\"400\" class=\"wpcf7-form-control wpcf7-text wpcf7-validates-as-required\" aria-required=\"true\" aria-invalid=\"false\" value=\"\" type=\"text\" name=\"your-firstname\" \/><\/span><\/label><br \/>\n<label>Email * <span class=\"wpcf7-form-control-wrap\" data-name=\"your-email\"><input size=\"40\" maxlength=\"400\" class=\"wpcf7-form-control wpcf7-email wpcf7-validates-as-required wpcf7-text wpcf7-validates-as-email\" aria-required=\"true\" aria-invalid=\"false\" value=\"\" type=\"email\" name=\"your-email\" \/><\/span><\/label>\n\t\t<\/p>\n\t<\/div>\n\t<div class=\"colRight\">\n\t\t<p><label>First name * <span class=\"wpcf7-form-control-wrap\" data-name=\"your-lastname\"><input size=\"40\" maxlength=\"400\" class=\"wpcf7-form-control wpcf7-text wpcf7-validates-as-required\" aria-required=\"true\" aria-invalid=\"false\" value=\"\" type=\"text\" name=\"your-lastname\" \/><\/span><\/label><br \/>\n<label>Telephone * <span class=\"wpcf7-form-control-wrap\" data-name=\"your-phone\"><input size=\"40\" maxlength=\"400\" class=\"wpcf7-form-control wpcf7-tel wpcf7-validates-as-required wpcf7-text wpcf7-validates-as-tel\" aria-required=\"true\" aria-invalid=\"false\" value=\"\" type=\"tel\" name=\"your-phone\" \/><\/span><\/label>\n\t\t<\/p>\n\t<\/div>\n<\/div>\n<p><label>Comments<span style=\"padding-left:4px;\">*<\/span> <span class=\"wpcf7-form-control-wrap\" data-name=\"your-comments\"><textarea cols=\"40\" rows=\"10\" maxlength=\"2000\" class=\"wpcf7-form-control wpcf7-textarea wpcf7-validates-as-required\" aria-required=\"true\" aria-invalid=\"false\" name=\"your-comments\"><\/textarea><\/span><\/label>\n<\/p>\n<p><span class=\"wpcf7-form-control-wrap\" data-name=\"your-data-consent\"><span class=\"wpcf7-form-control wpcf7-acceptance\"><span class=\"wpcf7-list-item\"><label><input type=\"checkbox\" name=\"your-data-consent\" value=\"1\" aria-invalid=\"false\" \/><span class=\"wpcf7-list-item-label\">I agree that the information entered will be used to process my request<\/span><\/label><\/span><\/span><\/span>\n<\/p>\n<div class=\"googlePrivacyText\" style=\"padding-left:20px; margin-top:10px;margin-bottom:10px;\">\n\t<p>Ce site est prot\u00e9g\u00e9 par reCAPTCHA et les <a href=\"https:\/\/policies.google.com\/privacy\" target=\"_blank\"> r\u00e8gles de confidentialit\u00e9 <\/a> de Google et les <a href=\"https:\/\/policies.google.com\/terms\" target=\"_blank\"> conditions d'utilisation <\/a> s'appliquent.\n\t<\/p>\n<\/div>\n<p><input class=\"wpcf7-form-control wpcf7-submit has-spinner\" type=\"submit\" value=\"Send your request\" \/>\n<\/p><div class=\"wpcf7-response-output\" aria-hidden=\"true\"><\/div>\n<\/form>\n<\/div>\n\n<\/div><\/div><\/div><\/div><\/div><\/div><\/div><\/section>\n","protected":false},"excerpt":{"rendered":"CONTACT US Email :client@rematechbremo.comToll-free number :1-800-463-6131M. Jean-Fran\u00e7ois Bouchard &#8211; jfbouchard@rematechbremo.comPrivacy OfficerOur branchesQu\u00e9bec (Head Office) 418-878-2288 214, Route 138 St-Augustin-de-Desmaures (QC) G3A 2X9 Qu\u00e9bec (Reception\/Shipping) 418-878-2288 35, rue de Rotterdam St-Augustin-de-Desmaures (QC) G3A 1S8 Amos 819-727-2929 152 rue des Fabricants Amos (QC) J9T 3A2 Montr\u00e9al 514-648-1080 11405, 6ieme Avenue Montr\u00e9al (QC) H1E 1R8 Roberval 418-543-8428 585...","protected":false},"author":8,"featured_media":0,"parent":0,"menu_order":16,"comment_status":"closed","ping_status":"closed","template":"","meta":{"footnotes":""},"class_list":["post-6944","page","type-page","status-publish","hentry"],"yoast_head":"<!-- This site is optimized with the Yoast SEO plugin v27.5 - https:\/\/yoast.com\/product\/yoast-seo-wordpress\/ -->\n<title>Contact Rematech<\/title>\n<meta name=\"description\" content=\"Contact Us by email : client@rematechbremo.com or with Toll-free number : 1-800-463-6131\" \/>\n<meta name=\"robots\" content=\"index, follow, max-snippet:-1, max-image-preview:large, max-video-preview:-1\" \/>\n<link rel=\"canonical\" href=\"https:\/\/www.rematechbremo.com\/en\/contactez-nous\/\" \/>\n<meta property=\"og:locale\" content=\"en_US\" \/>\n<meta property=\"og:type\" content=\"article\" \/>\n<meta property=\"og:title\" content=\"Contact Rematech\" \/>\n<meta property=\"og:description\" content=\"Contact Us by email : client@rematechbremo.com or with Toll-free number : 1-800-463-6131\" \/>\n<meta property=\"og:url\" content=\"https:\/\/www.rematechbremo.com\/en\/contactez-nous\/\" \/>\n<meta property=\"og:site_name\" content=\"Rematech Bremo\" \/>\n<meta property=\"article:modified_time\" content=\"2022-12-14T20:46:18+00:00\" \/>\n<meta name=\"twitter:card\" content=\"summary_large_image\" \/>\n<meta name=\"twitter:label1\" content=\"Est. reading time\" \/>\n\t<meta name=\"twitter:data1\" content=\"3 minutes\" \/>\n<script type=\"application\/ld+json\" class=\"yoast-schema-graph\">{\"@context\":\"https:\\\/\\\/schema.org\",\"@graph\":[{\"@type\":\"WebPage\",\"@id\":\"https:\\\/\\\/www.rematechbremo.com\\\/en\\\/contactez-nous\\\/\",\"url\":\"https:\\\/\\\/www.rematechbremo.com\\\/en\\\/contactez-nous\\\/\",\"name\":\"Contact Rematech\",\"isPartOf\":{\"@id\":\"https:\\\/\\\/www.rematechbremo.com\\\/#website\"},\"datePublished\":\"2018-10-27T17:10:32+00:00\",\"dateModified\":\"2022-12-14T20:46:18+00:00\",\"description\":\"Contact Us by email : client@rematechbremo.com or with Toll-free number : 1-800-463-6131\",\"breadcrumb\":{\"@id\":\"https:\\\/\\\/www.rematechbremo.com\\\/en\\\/contactez-nous\\\/#breadcrumb\"},\"inLanguage\":\"en-US\",\"potentialAction\":[{\"@type\":\"ReadAction\",\"target\":[\"https:\\\/\\\/www.rematechbremo.com\\\/en\\\/contactez-nous\\\/\"]}]},{\"@type\":\"BreadcrumbList\",\"@id\":\"https:\\\/\\\/www.rematechbremo.com\\\/en\\\/contactez-nous\\\/#breadcrumb\",\"itemListElement\":[{\"@type\":\"ListItem\",\"position\":1,\"name\":\"Accueil\",\"item\":\"https:\\\/\\\/www.rematechbremo.com\\\/en\\\/\"},{\"@type\":\"ListItem\",\"position\":2,\"name\":\"Contact Us\"}]},{\"@type\":\"WebSite\",\"@id\":\"https:\\\/\\\/www.rematechbremo.com\\\/#website\",\"url\":\"https:\\\/\\\/www.rematechbremo.com\\\/\",\"name\":\"Rematech Bremo\",\"description\":\"Site Internet de Rematech Bremo\",\"potentialAction\":[{\"@type\":\"SearchAction\",\"target\":{\"@type\":\"EntryPoint\",\"urlTemplate\":\"https:\\\/\\\/www.rematechbremo.com\\\/?s={search_term_string}\"},\"query-input\":{\"@type\":\"PropertyValueSpecification\",\"valueRequired\":true,\"valueName\":\"search_term_string\"}}],\"inLanguage\":\"en-US\"}]}<\/script>\n<!-- \/ Yoast SEO plugin. -->","yoast_head_json":{"title":"Contact Rematech","description":"Contact Us by email : client@rematechbremo.com or with Toll-free number : 1-800-463-6131","robots":{"index":"index","follow":"follow","max-snippet":"max-snippet:-1","max-image-preview":"max-image-preview:large","max-video-preview":"max-video-preview:-1"},"canonical":"https:\/\/www.rematechbremo.com\/en\/contactez-nous\/","og_locale":"en_US","og_type":"article","og_title":"Contact Rematech","og_description":"Contact Us by email : client@rematechbremo.com or with Toll-free number : 1-800-463-6131","og_url":"https:\/\/www.rematechbremo.com\/en\/contactez-nous\/","og_site_name":"Rematech Bremo","article_modified_time":"2022-12-14T20:46:18+00:00","twitter_card":"summary_large_image","twitter_misc":{"Est. reading time":"3 minutes"},"schema":{"@context":"https:\/\/schema.org","@graph":[{"@type":"WebPage","@id":"https:\/\/www.rematechbremo.com\/en\/contactez-nous\/","url":"https:\/\/www.rematechbremo.com\/en\/contactez-nous\/","name":"Contact Rematech","isPartOf":{"@id":"https:\/\/www.rematechbremo.com\/#website"},"datePublished":"2018-10-27T17:10:32+00:00","dateModified":"2022-12-14T20:46:18+00:00","description":"Contact Us by email : client@rematechbremo.com or with Toll-free number : 1-800-463-6131","breadcrumb":{"@id":"https:\/\/www.rematechbremo.com\/en\/contactez-nous\/#breadcrumb"},"inLanguage":"en-US","potentialAction":[{"@type":"ReadAction","target":["https:\/\/www.rematechbremo.com\/en\/contactez-nous\/"]}]},{"@type":"BreadcrumbList","@id":"https:\/\/www.rematechbremo.com\/en\/contactez-nous\/#breadcrumb","itemListElement":[{"@type":"ListItem","position":1,"name":"Accueil","item":"https:\/\/www.rematechbremo.com\/en\/"},{"@type":"ListItem","position":2,"name":"Contact Us"}]},{"@type":"WebSite","@id":"https:\/\/www.rematechbremo.com\/#website","url":"https:\/\/www.rematechbremo.com\/","name":"Rematech Bremo","description":"Site Internet de Rematech Bremo","potentialAction":[{"@type":"SearchAction","target":{"@type":"EntryPoint","urlTemplate":"https:\/\/www.rematechbremo.com\/?s={search_term_string}"},"query-input":{"@type":"PropertyValueSpecification","valueRequired":true,"valueName":"search_term_string"}}],"inLanguage":"en-US"}]}},"_links":{"self":[{"href":"https:\/\/www.rematechbremo.com\/en\/wp-json\/wp\/v2\/pages\/6944","targetHints":{"allow":["GET"]}}],"collection":[{"href":"https:\/\/www.rematechbremo.com\/en\/wp-json\/wp\/v2\/pages"}],"about":[{"href":"https:\/\/www.rematechbremo.com\/en\/wp-json\/wp\/v2\/types\/page"}],"author":[{"embeddable":true,"href":"https:\/\/www.rematechbremo.com\/en\/wp-json\/wp\/v2\/users\/8"}],"replies":[{"embeddable":true,"href":"https:\/\/www.rematechbremo.com\/en\/wp-json\/wp\/v2\/comments?post=6944"}],"version-history":[{"count":8,"href":"https:\/\/www.rematechbremo.com\/en\/wp-json\/wp\/v2\/pages\/6944\/revisions"}],"predecessor-version":[{"id":7857,"href":"https:\/\/www.rematechbremo.com\/en\/wp-json\/wp\/v2\/pages\/6944\/revisions\/7857"}],"wp:attachment":[{"href":"https:\/\/www.rematechbremo.com\/en\/wp-json\/wp\/v2\/media?parent=6944"}],"curies":[{"name":"wp","href":"https:\/\/api.w.org\/{rel}","templated":true}]}}